{"id":3883,"date":"2023-05-25T16:43:45","date_gmt":"2023-05-25T14:43:45","guid":{"rendered":"https:\/\/axel-trapp.de\/trapp-klima\/?page_id=3883"},"modified":"2023-05-25T23:44:10","modified_gmt":"2023-05-25T21:44:10","slug":"gewinnspiel","status":"publish","type":"page","link":"https:\/\/axel-trapp.de\/trapp-klima\/gewinnspiel\/","title":{"rendered":"Gewinnspiel"},"content":{"rendered":"\t\t<div data-elementor-type=\"wp-page\" data-elementor-id=\"3883\" class=\"elementor elementor-3883\">\n\t\t\t\t\t\t<div class=\"elementor-inner\">\n\t\t\t\t<div class=\"elementor-section-wrap\">\n\t\t\t\t\t\t\t\t\t<section class=\"elementor-section elementor-top-section elementor-element elementor-element-28b05e5 elementor-section-full_width elementor-section-height-default elementor-section-height-default\" data-id=\"28b05e5\" data-element_type=\"section\">\n\t\t\t\t\t\t<div class=\"elementor-container elementor-column-gap-default\">\n\t\t\t\t\t\t\t<div class=\"elementor-row\">\n\t\t\t\t\t<div class=\"elementor-column elementor-col-100 elementor-top-column elementor-element elementor-element-bc26c0b\" data-id=\"bc26c0b\" data-element_type=\"column\">\n\t\t\t<div class=\"elementor-column-wrap elementor-element-populated\">\n\t\t\t\t\t\t\t<div class=\"elementor-widget-wrap\">\n\t\t\t\t\t\t<div class=\"elementor-element elementor-element-35fe4d4 elementor-widget elementor-widget-trapp-layout-modules-header\" data-id=\"35fe4d4\" data-element_type=\"widget\" data-widget_type=\"trapp-layout-modules-header.default\">\n\t\t\t\t<div class=\"elementor-widget-container\">\n\t\t\t\t\t<header class=\"absolute w-full left-0 top-0 z-50\" role=\"header\" x-data=\"{ open: false }\">\n\t\t\t<div class=\"max-w-container mx-auto flex items-center justify-between px-6 py-4 md:p-6\">\n\t\t\t\t<div class=\"flex-none\">\n\t\t\t\t\t<a href=\"https:\/\/axel-trapp.de\" title=\"Trapp Klima\"\n\t\t\t\t\t\tclass=\"block w-20 md:w-auto\">\n\t\t\t\t\t\t<img width=\"127\" height=\"53\" src=\"https:\/\/axel-trapp.de\/trapp-klima\/wp-content\/uploads\/sites\/2\/2020\/12\/logo.svg\" class=\"attachment-full size-full\" alt=\"\" decoding=\"async\" loading=\"lazy\" \/>\t\t\t\t\t<\/a>\n\t\t\t\t<\/div>\n\t\t\t\t<div class=\"flex-none hidden md:flex items-center\">\n\t\t\t\t\t\t\t\t\t\t\t<nav class=\"py-24 px-8 md:p-0 md:mr-8\" role=\"Main Navigation\">\n\t\t\t\t\t\t\t<div class=\"menu-about-container\"><ul id=\"header-nav\" class=\"menu\"><li id=\"menu-item-2942\" class=\"menu-item menu-item-type-post_type menu-item-object-page menu-item-2942\"><a href=\"https:\/\/axel-trapp.de\/trapp-klima\/ueber-uns\/\">\u00dcber uns<\/a><\/li>\n<li id=\"menu-item-3372\" class=\"menu-item menu-item-type-custom menu-item-object-custom menu-item-has-children menu-item-3372\"><a href=\"#\">Leistungen<\/a>\n<ul class=\"sub-menu\">\n\t<li id=\"menu-item-3374\" class=\"menu-item menu-item-type-post_type menu-item-object-page menu-item-3374\"><a href=\"https:\/\/axel-trapp.de\/trapp-klima\/kaelte-und-klima\/klimatechnik\/\">Klimatechnik<\/a><\/li>\n\t<li id=\"menu-item-3373\" class=\"menu-item menu-item-type-post_type menu-item-object-page menu-item-3373\"><a href=\"https:\/\/axel-trapp.de\/trapp-klima\/kaelte-und-klima\/kaeltetechnik\/\">K\u00e4ltetechnik<\/a><\/li>\n\t<li id=\"menu-item-3376\" class=\"menu-item menu-item-type-post_type menu-item-object-page menu-item-3376\"><a href=\"https:\/\/axel-trapp.de\/trapp-klima\/kaelte-und-klima\/waermepumpen\/\">W\u00e4rmepumpen<\/a><\/li>\n\t<li id=\"menu-item-3375\" class=\"menu-item menu-item-type-post_type menu-item-object-page menu-item-3375\"><a href=\"https:\/\/axel-trapp.de\/trapp-klima\/kaelte-und-klima\/schankanlagen\/\">Schankanlagen<\/a><\/li>\n<\/ul>\n<\/li>\n<li id=\"menu-item-2940\" class=\"menu-item menu-item-type-post_type menu-item-object-page menu-item-2940\"><a href=\"https:\/\/axel-trapp.de\/trapp-klima\/karriere\/\">Karriere<\/a><\/li>\n<li id=\"menu-item-2941\" class=\"menu-item menu-item-type-post_type menu-item-object-page menu-item-2941\"><a href=\"https:\/\/axel-trapp.de\/trapp-klima\/kontakt\/\">Kontakt<\/a><\/li>\n<\/ul><\/div>\t\t\t\t\t\t<\/nav>\n\t\t\t\t\t\t\t\t\t\t<div class=\"xl:ml-4 hidden xl:flex items-center\">\n\t\t\t\t\t\t\t\t\t\t\t\t\t<div class=\"flex-none\">\n\t\t\t\t\t\t\t\t<a class=\"transition duration-500 ease-in-out inline-flex flex-none px-4 py-2 md:px-5 md:py-3 justify-center items-center rounded border-2 border-white bg-transparent border-solid uppercase text-white hover:text-primary hover:bg-white text-sm sm:text-base\"\n\t\t\t\t\t\t\t\t\thref=\"https:\/\/axel-trapp.de\/trapp-klima\">\n\t\t\t\t\t\t\t\t\t<span class=\"header_btn-icon-wrapper mr-2 flex\">\n\t\t\t\t\t\t\t\t\t\t<svg xmlns=\"http:\/\/www.w3.org\/2000\/svg\" width=\"308\" height=\"441\" viewBox=\"0 0 308 441\"><g fill=\"#FFF\" fill-rule=\"evenodd\" transform=\"translate(0 .355)\"><rect width=\"123\" height=\"123\" x=\"26\" y=\"26\" transform=\"rotate(45 87.5 87.5)\"><\/rect><rect width=\"123\" height=\"123\" x=\"159\" y=\"158\" transform=\"rotate(45 220.5 219.5)\"><\/rect><rect width=\"123\" height=\"123\" x=\"26\" y=\"291\" transform=\"rotate(45 87.5 352.5)\"><\/rect><\/g><\/svg>\t\t\t\t\t\t\t\t\t<\/span>\n\t\t\t\t\t\t\t\t\tK\u00e4lte und Klima\t\t\t\t\t\t\t\t<\/a>\n\t\t\t\t\t\t\t<\/div>\n\t\t\t\t\t\t\t\t\t\t\t\t\t\t\t\t\t\t\t<div class=\"flex-none\">\n\t\t\t\t\t\t\t\t<a class=\"transition duration-500 ease-in-out inline-flex flex-none px-4 py-2 md:px-5 md:py-3 justify-center items-center rounded border-2 border-white bg-transparent border-solid uppercase text-white hover:text-primary hover:bg-white text-sm sm:text-base lg:ml-4\"\n\t\t\t\t\t\t\t\t\thref=\"https:\/\/axel-trapp.de\/trapp-elektro\">\n\t\t\t\t\t\t\t\t\t<span class=\"header_btn-icon-wrapper mr-2 flex\">\n\t\t\t\t\t\t\t\t\t\t<svg xmlns=\"http:\/\/www.w3.org\/2000\/svg\" width=\"308\" height=\"441\" viewBox=\"0 0 308 441\"><g fill=\"#FFF\" fill-rule=\"evenodd\" transform=\"translate(0 .355)\"><rect width=\"123\" height=\"123\" x=\"26\" y=\"26\" transform=\"rotate(45 87.5 87.5)\"><\/rect><rect width=\"123\" height=\"123\" x=\"159\" y=\"158\" transform=\"rotate(45 220.5 219.5)\"><\/rect><rect width=\"123\" height=\"123\" x=\"26\" y=\"291\" transform=\"rotate(45 87.5 352.5)\"><\/rect><\/g><\/svg>\t\t\t\t\t\t\t\t\t<\/span>\n\t\t\t\t\t\t\t\t\tElektrotechnik\t\t\t\t\t\t\t\t<\/a>\n\t\t\t\t\t\t\t<\/div>\n\t\t\t\t\t\t\t\t\t\t\t<\/div>\n\t\t\t\t<\/div>\n\t\t\t\t<div class=\"flex-none lg:hidden\">\n\t\t\t\t\t<button\n\t\t\t\t\t\tclass=\"w-12 h-12 flex flex-col items-center justify-center bg-transparent focus:outline-primary outline-none border-2 border-white hover:bg-transparent transition-all duration-150 ease-in-out group hover:border-primary\"\n\t\t\t\t\t\t@click=\"open = true\" :aria-expanded=\"open\">\n\t\t\t\t\t\t<span\n\t\t\t\t\t\t\tclass=\"flex-none w-6 h-1 bg-white block my-0.5 group-hover:bg-white transition-all duration-150 ease-in-out\"><\/span>\n\t\t\t\t\t\t<span\n\t\t\t\t\t\t\tclass=\"flex-none w-6 h-1 bg-white block my-0.5 group-hover:bg-white transition-all duration-150 ease-in-out\"><\/span>\n\t\t\t\t\t\t<span\n\t\t\t\t\t\t\tclass=\"flex-none w-6 h-1 bg-white block my-0.5 group-hover:bg-white transition-all duration-150 ease-in-out\"><\/span>\n\t\t\t\t\t<\/button>\n\t\t\t\t<\/div>\n\t\t\t\t<div :class=\"open ? 'block' : 'hidden'\">\n\t\t\t\t\t<div class=\"fixed bg-primary opacity-25 top-0 left-0 w-full h-full z-40\" @click=\"open = false\"><\/div>\n\t\t\t\t\t<div class=\"fixed bg-white top-0 right-0 h-full w-slideout z-50\">\n\t\t\t\t\t\t<button\n\t\t\t\t\t\t\tclass=\"w-12 h-12 flex flex-col items-center justify-center bg-primary focus:outline-primary border-0 transition-all duration-150 ease-in-out group hover:border-primary rounded-none relative hover:bg-primary\"\n\t\t\t\t\t\t\t@click=\"open = false\" :aria-expanded=\"open\">\n\t\t\t\t\t\t\t<span\n\t\t\t\t\t\t\t\tclass=\"flex-none w-6 h-1 bg-white block transition-all duration-150 ease-in-out absolute -translate-x-1\/2 -translate-y-1\/2 left-1\/2 top-1\/2 rotate-45\"><\/span>\n\t\t\t\t\t\t\t<span\n\t\t\t\t\t\t\t\tclass=\"flex-none w-6 h-1 bg-white block transition-all duration-150 ease-in-out absolute -translate-x-1\/2 -translate-y-1\/2 left-1\/2 top-1\/2 -rotate-45\"><\/span>\n\t\t\t\t\t\t<\/button>\n\t\t\t\t\t\t<div class=\"pt-16 px-6\">\n\t\t\t\t\t\t\t\t\t\t\t\t\t\t\t<nav role=\"Mobile Main Navigation\">\n\t\t\t\t\t\t\t\t\t<div class=\"menu-about-container\"><ul id=\"header-mobile-nav\" class=\"menu\"><li class=\"menu-item menu-item-type-post_type menu-item-object-page menu-item-2942\"><a href=\"https:\/\/axel-trapp.de\/trapp-klima\/ueber-uns\/\">\u00dcber uns<\/a><\/li>\n<li class=\"menu-item menu-item-type-custom menu-item-object-custom menu-item-has-children menu-item-3372\"><a href=\"#\">Leistungen<\/a>\n<ul class=\"sub-menu\">\n\t<li class=\"menu-item menu-item-type-post_type menu-item-object-page menu-item-3374\"><a href=\"https:\/\/axel-trapp.de\/trapp-klima\/kaelte-und-klima\/klimatechnik\/\">Klimatechnik<\/a><\/li>\n\t<li class=\"menu-item menu-item-type-post_type menu-item-object-page menu-item-3373\"><a href=\"https:\/\/axel-trapp.de\/trapp-klima\/kaelte-und-klima\/kaeltetechnik\/\">K\u00e4ltetechnik<\/a><\/li>\n\t<li class=\"menu-item menu-item-type-post_type menu-item-object-page menu-item-3376\"><a href=\"https:\/\/axel-trapp.de\/trapp-klima\/kaelte-und-klima\/waermepumpen\/\">W\u00e4rmepumpen<\/a><\/li>\n\t<li class=\"menu-item menu-item-type-post_type menu-item-object-page menu-item-3375\"><a href=\"https:\/\/axel-trapp.de\/trapp-klima\/kaelte-und-klima\/schankanlagen\/\">Schankanlagen<\/a><\/li>\n<\/ul>\n<\/li>\n<li class=\"menu-item menu-item-type-post_type menu-item-object-page menu-item-2940\"><a href=\"https:\/\/axel-trapp.de\/trapp-klima\/karriere\/\">Karriere<\/a><\/li>\n<li class=\"menu-item menu-item-type-post_type menu-item-object-page menu-item-2941\"><a href=\"https:\/\/axel-trapp.de\/trapp-klima\/kontakt\/\">Kontakt<\/a><\/li>\n<\/ul><\/div>\t\t\t\t\t\t\t\t<\/nav>\n\t\t\t\t\t\t\t\t\t\t\t\t\t\t<div class=\"mt-8 ml-2\">\n\t\t\t\t\t\t\t\t\t\t\t\t\t\t\t\t\t<div class=\"flex-none\">\n\t\t\t\t\t\t\t\t\t\t<a class=\"transition duration-500 ease-in-out inline-flex flex-none px-4 py-2 md:px-5 md:py-3 justify-center items-center rounded border-2 border-primary bg-transparent border-solid uppercase text-primary hover:text-white hover:bg-primary text-sm sm:text-base\"\n\t\t\t\t\t\t\t\t\t\t\thref=\"https:\/\/axel-trapp.de\/trapp-klima\">\n\t\t\t\t\t\t\t\t\t\t\t<span class=\"header_btn-icon-wrapper mr-2 flex\">\n\t\t\t\t\t\t\t\t\t\t\t\t<svg xmlns=\"http:\/\/www.w3.org\/2000\/svg\" width=\"308\" height=\"441\" viewBox=\"0 0 308 441\"><g fill=\"#FFF\" fill-rule=\"evenodd\" transform=\"translate(0 .355)\"><rect width=\"123\" height=\"123\" x=\"26\" y=\"26\" transform=\"rotate(45 87.5 87.5)\"><\/rect><rect width=\"123\" height=\"123\" x=\"159\" y=\"158\" transform=\"rotate(45 220.5 219.5)\"><\/rect><rect width=\"123\" height=\"123\" x=\"26\" y=\"291\" transform=\"rotate(45 87.5 352.5)\"><\/rect><\/g><\/svg>\t\t\t\t\t\t\t\t\t\t\t<\/span>\n\t\t\t\t\t\t\t\t\t\t\tK\u00e4lte und Klima\t\t\t\t\t\t\t\t\t\t<\/a>\n\t\t\t\t\t\t\t\t\t<\/div>\n\t\t\t\t\t\t\t\t\t\t\t\t\t\t\t\t\t\t\t\t\t\t\t\t\t<div class=\"flex-none mt-4\">\n\t\t\t\t\t\t\t\t\t\t<a class=\"transition duration-500 ease-in-out inline-flex flex-none px-4 py-2 md:px-5 md:py-3 justify-center items-center rounded border-2 border-primary bg-transparent border-solid uppercase text-primary hover:text-white hover:bg-primary text-sm sm:text-base\"\n\t\t\t\t\t\t\t\t\t\t\thref=\"https:\/\/axel-trapp.de\/trapp-elektro\">\n\t\t\t\t\t\t\t\t\t\t\t<span class=\"header_btn-icon-wrapper mr-2 flex\">\n\t\t\t\t\t\t\t\t\t\t\t\t<svg xmlns=\"http:\/\/www.w3.org\/2000\/svg\" width=\"308\" height=\"441\" viewBox=\"0 0 308 441\"><g fill=\"#FFF\" fill-rule=\"evenodd\" transform=\"translate(0 .355)\"><rect width=\"123\" height=\"123\" x=\"26\" y=\"26\" transform=\"rotate(45 87.5 87.5)\"><\/rect><rect width=\"123\" height=\"123\" x=\"159\" y=\"158\" transform=\"rotate(45 220.5 219.5)\"><\/rect><rect width=\"123\" height=\"123\" x=\"26\" y=\"291\" transform=\"rotate(45 87.5 352.5)\"><\/rect><\/g><\/svg>\t\t\t\t\t\t\t\t\t\t\t<\/span>\n\t\t\t\t\t\t\t\t\t\t\tElektrotechnik\t\t\t\t\t\t\t\t\t\t<\/a>\n\t\t\t\t\t\t\t\t\t<\/div>\n\t\t\t\t\t\t\t\t\t\t\t\t\t\t\t<\/div>\n\t\t\t\t\t\t<\/div>\n\t\t\t\t\t<\/div>\n\t\t\t\t<\/div>\n\t\t\t<\/div>\n\t\t\t\t<\/div>\n\t\t\t\t<\/div>\n\t\t\t\t<section class=\"elementor-section elementor-inner-section elementor-element elementor-element-5fb0486 elementor-section-height-min-height elementor-section-boxed elementor-section-height-default\" data-id=\"5fb0486\" data-element_type=\"section\" data-settings=\"{&quot;background_background&quot;:&quot;classic&quot;}\">\n\t\t\t\t\t\t<div class=\"elementor-container elementor-column-gap-default\">\n\t\t\t\t\t\t\t<div class=\"elementor-row\">\n\t\t\t\t\t<div class=\"elementor-column elementor-col-50 elementor-inner-column elementor-element elementor-element-e313105\" data-id=\"e313105\" data-element_type=\"column\">\n\t\t\t<div class=\"elementor-column-wrap\">\n\t\t\t\t\t\t\t<div class=\"elementor-widget-wrap\">\n\t\t\t\t\t\t\t\t<\/div>\n\t\t\t\t\t<\/div>\n\t\t<\/div>\n\t\t\t\t<div class=\"elementor-column elementor-col-50 elementor-inner-column elementor-element elementor-element-227f412\" data-id=\"227f412\" data-element_type=\"column\">\n\t\t\t<div class=\"elementor-column-wrap\">\n\t\t\t\t\t\t\t<div class=\"elementor-widget-wrap\">\n\t\t\t\t\t\t\t\t<\/div>\n\t\t\t\t\t<\/div>\n\t\t<\/div>\n\t\t\t\t\t\t\t\t<\/div>\n\t\t\t\t\t<\/div>\n\t\t<\/section>\n\t\t\t\t\t\t<\/div>\n\t\t\t\t\t<\/div>\n\t\t<\/div>\n\t\t\t\t\t\t\t\t<\/div>\n\t\t\t\t\t<\/div>\n\t\t<\/section>\n\t\t\t\t<section class=\"elementor-section elementor-top-section elementor-element elementor-element-83b42f9 elementor-section-boxed elementor-section-height-default elementor-section-height-default\" data-id=\"83b42f9\" data-element_type=\"section\" data-settings=\"{&quot;background_background&quot;:&quot;classic&quot;}\">\n\t\t\t\t\t\t<div class=\"elementor-container elementor-column-gap-default\">\n\t\t\t\t\t\t\t<div class=\"elementor-row\">\n\t\t\t\t\t<div class=\"elementor-column elementor-col-100 elementor-top-column elementor-element elementor-element-aa374b0\" data-id=\"aa374b0\" data-element_type=\"column\" data-settings=\"{&quot;background_background&quot;:&quot;classic&quot;}\">\n\t\t\t<div class=\"elementor-column-wrap elementor-element-populated\">\n\t\t\t\t\t\t\t<div class=\"elementor-widget-wrap\">\n\t\t\t\t\t\t<div class=\"elementor-element elementor-element-28c371e elementor-widget elementor-widget-heading\" data-id=\"28c371e\" data-element_type=\"widget\" data-widget_type=\"heading.default\">\n\t\t\t\t<div class=\"elementor-widget-container\">\n\t\t\t<h2 class=\"elementor-heading-title elementor-size-default\">Gewinnen Sie jetzt eine kostenlose Wartung Ihrer Klimaanlage oder den Check Ihrer Wall-Box!<\/h2>\t\t<\/div>\n\t\t\t\t<\/div>\n\t\t\t\t<div class=\"elementor-element elementor-element-c990d7b elementor-widget elementor-widget-trapp-layout-modules-form-raffle\" data-id=\"c990d7b\" data-element_type=\"widget\" data-widget_type=\"trapp-layout-modules-form-raffle.default\">\n\t\t\t\t<div class=\"elementor-widget-container\">\n\t\t\t    <form method=\"POST\" class=\"contactform\">\n      <input type=\"hidden\" id=\"security\" name=\"security\" value=\"33baea478c\" \/><input type=\"hidden\" name=\"_wp_http_referer\" value=\"\/trapp-klima\/wp-json\/wp\/v2\/pages\/3883\" \/>      <input type=\"hidden\" name=\"action\" value=\"contactform_submit\" \/>\n              <input required type=\"hidden\" name=\"settings[sender_name]\" value=\"QXhlbCBUcmFwcCBFbGVrdHJvLUFuSWFnZW5iYXUgR21iSCAmIENvLiBLRw==\" \/>\n              <input required type=\"hidden\" name=\"settings[sender_subject]\" value=\"VGVpbG5haG1lIGFtIEdld2lubnNwaWVs\" \/>\n              <input required type=\"hidden\" name=\"settings[sender_email]\" value=\"aW5mb0BheGVsLXRyYXBwLmRl\" \/>\n              <input required type=\"hidden\" name=\"settings[sender_message]\" value=\"TmFtZTogW2Zvcm1maWVsZCBuYW1lPSJzdXJuYW1lIl0KVm9ybmFtZTogW2Zvcm1maWVsZCBuYW1lPSJwcmVuYW1lIl0KRS1NYWlsOiBbZm9ybWZpZWxkIG5hbWU9ImVtYWlsIl0KVGVsZWZvbjogW2Zvcm1maWVsZCBuYW1lPSJwaG9uZSJdClN0cmHDn2U6IFtmb3JtZmllbGQgbmFtZT0ic3RyZWV0Il0KUExaOiBbZm9ybWZpZWxkIG5hbWU9InppcCJdCk9ydDogW2Zvcm1maWVsZCBuYW1lPSJwbGFjZSJdClByZWlzYXVzd2FobDogW2Zvcm1maWVsZCBuYW1lPSJwcmljZSJd\" \/>\n            <div class=\"grid grid-cols-12 gap-6\">\n        <div class=\"col-span-12 md:col-span-6\">\n          <label for=\"surname\" class=\"text-primary font-primary text-lg block mb-2\">\n            Vorname*\n          <\/label>\n          <input required type=\"text\" id=\"surname\" name=\"surname\"\n            class=\"bg-[#e5e7eb] w-full !p-4 text-content font-secondary\" \/>\n        <\/div>\n        <div class=\"col-span-12 md:col-span-6\">\n          <label for=\"prename\" class=\"text-primary font-primary text-lg block mb-2\">\n            Nachname*\n          <\/label>\n          <input required type=\"text\" id=\"prename\" name=\"prename\"\n            class=\"bg-[#e5e7eb] w-full !p-4 text-content font-secondary\" \/>\n        <\/div>\n        <div class=\"col-span-12 md:col-span-6\">\n          <label for=\"email\" class=\"text-primary font-primary text-lg block mb-2\">\n            E-Mail*\n          <\/label>\n          <input required type=\"mail\" id=\"email\" name=\"email\"\n            class=\"bg-[#e5e7eb] w-full !p-4 text-content font-secondary\" \/>\n        <\/div>\n        <div class=\"col-span-12 md:col-span-6\">\n          <label for=\"phone\" class=\"text-primary font-primary text-lg block mb-2\">\n            Telefon*\n          <\/label>\n          <input required type=\"mail\" id=\"phone\" name=\"phone\"\n            class=\"bg-[#e5e7eb] w-full !p-4 text-content font-secondary\" \/>\n        <\/div>\n        <div class=\"col-span-12\">\n          <label for=\"street\" class=\"text-primary font-primary text-lg block mb-2\">\n            Stra\u00dfe*\n          <\/label>\n          <input type=\"text\" id=\"street\" name=\"street\" class=\"bg-[#e5e7eb] w-full !p-4 text-content font-secondary\" \/>\n        <\/div>\n        <div class=\"col-span-4\">\n          <label for=\"street\" class=\"text-primary font-primary text-lg block mb-2\">\n            PLZ*\n          <\/label>\n          <input required type=\"text\" id=\"zip\" name=\"zip\" class=\"bg-[#e5e7eb] w-full !p-4 text-content font-secondary\" \/>\n        <\/div>\n        <div class=\"col-span-8\">\n          <label for=\"place\" class=\"text-primary font-primary text-lg block mb-2\">\n            Ort*\n          <\/label>\n          <input required type=\"text\" id=\"place\" name=\"place\"\n            class=\"bg-[#e5e7eb] w-full !p-4 text-content font-secondary\" \/>\n        <\/div>\n        <div class=\"col-span-12\">\n          <label for=\"price\" class=\"text-primary font-primary text-lg block mb-2\">\n            Welchen Preis m\u00f6chten Sie?*\n          <\/label>\n          <div class=\"relative\">\n            <select type=\"text\" id=\"price\" name=\"price\"\n              class=\"bg-[#e5e7eb] w-full !p-4 text-content font-secondary border-0 appearance-none relative z-0\" required>\n              <option value=\"Wallbox\">Wallbox<\/option>\n              <option value=\"Klimaanlage\">Klimaanlage<\/option>\n            <\/select>\n            <div class=\"w-4 h-4 absolute right-4 top-1\/2 -translate-y-1\/2 z-10\">\n              <svg xmlns=\"http:\/\/www.w3.org\/2000\/svg\" fill=\"none\" viewBox=\"0 0 24 24\" stroke-width=\"1.5\"\n                stroke=\"currentColor\" class=\"w-4 h-4\">\n                <path stroke-linecap=\"round\" stroke-linejoin=\"round\" d=\"M19.5 8.25l-7.5 7.5-7.5-7.5\" \/>\n              <\/svg>\n            <\/div>\n          <\/div>\n        <\/div>\n      <\/div>\n      <div class=\"mt-4\">\n        <label class=\"flex cursor-pointer\">\n          <span\n            class=\"h-6 w-6 bg-[#e5e7eb] group mr-3 border border-solid flex-none flex items-center justify-center hover:cursor-pointer rounded\">\n            <input required type=\"checkbox\" name=\"acceptance-823\" value=\"1\" class=\"hidden peer\" aria-invalid=\"false\">\n            <div class=\"w-3 h-3 bg-content hidden peer-checked:block\"><\/div>\n          <\/span>\n          Die <a href=\"https:\/\/axel-trapp.de\/datenschutz\" target=\"_blank\"\n            class=\"inline px-[4px] text-accent font-bold hover:text-accent transition-all duration-75 ease-in-out hover:underline\">Datenschutzerkl\u00e4rung<\/a>\n          habe ich zur Kenntnis genommen.\n        <\/label>\n      <\/div>\n      <div class=\"mt-4 flex items-center gap-3\">\n        <button type=\"submit\"\n          class=\"target:bg-primary focus:bg-primary transition duration-500 ease-in-out inline-flex flex-none px-4 py-2 md:px-5 md:py-3 justify-center items-center rounded border-2 border-solid uppercase bg-primary text-white !border-primary shadow-none hover:text-primary hover:bg-transparent\"\n          href=\"\">\n          Jetzt teilnehmen        <\/button>\n        <span class=\"font-secondary text-sm text-content\">(*)\n          Pflichtfelder        <\/span>\n      <\/div>\n    <\/form>\n    <div class=\"contactform_status\">\n      <div class=\"bg-red-100 border border-red-400 text-red-700 px-4 py-3 rounded relative mt-4 hidden\" role=\"alert\"\n        data-error>\n        <p>Leider ist ein Fehler aufgetreten. Bitte probieren Sie es sp\u00e4ter wieder<\/p>\n      <\/div>\n      <div class=\"bg-green-100 border border-green-400 text-green-700 px-4 py-3 rounded relative mt-4 hidden\" role=\"alert\"\n        data-success>\n        <p>Vielen Dank f\u00fcr die Teilnahme am Gewinnspiel.<\/p>\n      <\/div>\n      \t\t<\/div>\n\t\t\t\t<\/div>\n\t\t\t\t\t\t<\/div>\n\t\t\t\t\t<\/div>\n\t\t<\/div>\n\t\t\t\t\t\t\t\t<\/div>\n\t\t\t\t\t<\/div>\n\t\t<\/section>\n\t\t\t\t\t\t\t\t\t<\/div>\n\t\t\t<\/div>\n\t\t\t\t\t<\/div>\n\t\t","protected":false},"excerpt":{"rendered":"<p>\u00dcber uns Leistungen Klimatechnik K\u00e4ltetechnik W\u00e4rmepumpen Schankanlagen Karriere Kontakt K\u00e4lte und Klima Elektrotechnik \u00dcber uns Leistungen Klimatechnik K\u00e4ltetechnik W\u00e4rmepumpen Schankanlagen Karriere Kontakt K\u00e4lte und Klima Elektrotechnik Gewinnen Sie jetzt eine kostenlose Wartung Ihrer Klimaanlage oder den Check Ihrer Wall-Box! Vorname* Nachname* E-Mail* Telefon* Stra\u00dfe* PLZ* Ort* Welchen Preis m\u00f6chtest Du?* WallboxKlimaanlage Die Datenschutzerkl\u00e4rung habe ich [&hellip;]<\/p>\n","protected":false},"author":1,"featured_media":0,"parent":0,"menu_order":0,"comment_status":"closed","ping_status":"closed","template":"","meta":[],"acf":[],"_links":{"self":[{"href":"https:\/\/axel-trapp.de\/trapp-klima\/wp-json\/wp\/v2\/pages\/3883"}],"collection":[{"href":"https:\/\/axel-trapp.de\/trapp-klima\/wp-json\/wp\/v2\/pages"}],"about":[{"href":"https:\/\/axel-trapp.de\/trapp-klima\/wp-json\/wp\/v2\/types\/page"}],"author":[{"embeddable":true,"href":"https:\/\/axel-trapp.de\/trapp-klima\/wp-json\/wp\/v2\/users\/1"}],"replies":[{"embeddable":true,"href":"https:\/\/axel-trapp.de\/trapp-klima\/wp-json\/wp\/v2\/comments?post=3883"}],"version-history":[{"count":23,"href":"https:\/\/axel-trapp.de\/trapp-klima\/wp-json\/wp\/v2\/pages\/3883\/revisions"}],"predecessor-version":[{"id":3940,"href":"https:\/\/axel-trapp.de\/trapp-klima\/wp-json\/wp\/v2\/pages\/3883\/revisions\/3940"}],"wp:attachment":[{"href":"https:\/\/axel-trapp.de\/trapp-klima\/wp-json\/wp\/v2\/media?parent=3883"}],"curies":[{"name":"wp","href":"https:\/\/api.w.org\/{rel}","templated":true}]}}